{"id":118,"date":"2025-05-09T09:04:11","date_gmt":"2025-05-09T07:04:11","guid":{"rendered":"https:\/\/forum-esterel.fr\/wordpress\/?page_id=118"},"modified":"2026-03-15T06:11:11","modified_gmt":"2026-03-15T05:11:11","slug":"118-2","status":"publish","type":"page","link":"https:\/\/forum-esterel.fr\/wordpress\/118-2\/","title":{"rendered":"Politique de confidentialit\u00e9"},"content":{"rendered":"\n<h2 class=\"wp-block-heading\">Politique de confidentialit\u00e9<\/h2>\n\n\n\n<p>La protection de vos donn\u00e9es personnelles est importante pour nous.<\/p>\n\n\n\n<h3 class=\"wp-block-heading\">Donn\u00e9es collect\u00e9es<\/h3>\n\n\n\n<p>Lorsque vous utilisez ce site, certaines informations peuvent \u00eatre collect\u00e9es automatiquement :<\/p>\n\n\n\n<ul class=\"wp-block-list\">\n<li>adresse IP<\/li>\n\n\n\n<li>donn\u00e9es de navigation<\/li>\n\n\n\n<li>informations fournies lors de l&rsquo;inscription au forum<\/li>\n<\/ul>\n\n\n\n<p>Ces donn\u00e9es sont utilis\u00e9es uniquement pour assurer le bon fonctionnement du site et am\u00e9liorer l&rsquo;exp\u00e9rience des utilisateurs.<\/p>\n\n\n\n<h3 class=\"wp-block-heading\">Cookies<\/h3>\n\n\n\n<p>Ce site peut utiliser des cookies afin d&rsquo;am\u00e9liorer la navigation et mesurer la fr\u00e9quentation.<\/p>\n\n\n\n<h3 class=\"wp-block-heading\">Publicit\u00e9<\/h3>\n\n\n\n<p>Des services publicitaires tels que Google AdSense peuvent utiliser des cookies pour afficher des annonces personnalis\u00e9es.<\/p>\n\n\n\n<h3 class=\"wp-block-heading\">Protection des donn\u00e9es<\/h3>\n\n\n\n<p>Les informations collect\u00e9es ne sont jamais vendues ni c\u00e9d\u00e9es \u00e0 des tiers.<\/p>\n\n\n\n<h3 class=\"wp-block-heading\">Contact<\/h3>\n\n\n\n<p>Pour toute question concernant vos donn\u00e9es personnelles, vous pouvez nous contacter \u00e0 l&rsquo;adresse suivante :<\/p>\n\n\n<p>forumesterel@gmail.com<\/p>\n\n\n\n<p><\/p>\n","protected":false},"excerpt":{"rendered":"<p>Politique de confidentialit\u00e9 La protection de vos donn\u00e9es personnelles est importante pour nous. Donn\u00e9es collect\u00e9es Lorsque vous utilisez ce site, [&hellip;]<\/p>\n","protected":false},"author":414,"featured_media":0,"parent":0,"menu_order":0,"comment_status":"closed","ping_status":"closed","template":"","meta":{"site-sidebar-layout":"default","site-content-layout":"","ast-site-content-layout":"default","site-content-style":"default","site-sidebar-style":"default","ast-global-header-display":"","ast-banner-title-visibility":"","ast-main-header-display":"","ast-hfb-above-header-display":"","ast-hfb-below-header-display":"","ast-hfb-mobile-header-display":"","site-post-title":"","ast-breadcrumbs-content":"","ast-featured-img":"","footer-sml-layout":"","ast-disable-related-posts":"","theme-transparent-header-meta":"","adv-header-id-meta":"","stick-header-meta":"","header-above-stick-meta":"","header-main-stick-meta":"","header-below-stick-meta":"","astra-migrate-meta-layouts":"default","ast-page-background-enabled":"default","ast-page-background-meta":{"desktop":{"background-color":"var(--ast-global-color-5)","background-image":"","background-repeat":"repeat","background-position":"center center","background-size":"auto","background-attachment":"scroll","background-type":"","background-media":"","overlay-type":"","overlay-color":"","overlay-opacity":"","overlay-gradient":""},"tablet":{"background-color":"","background-image":"","background-repeat":"repeat","background-position":"center center","background-size":"auto","background-attachment":"scroll","background-type":"","background-media":"","overlay-type":"","overlay-color":"","overlay-opacity":"","overlay-gradient":""},"mobile":{"background-color":"","background-image":"","background-repeat":"repeat","background-position":"center center","background-size":"auto","background-attachment":"scroll","background-type":"","background-media":"","overlay-type":"","overlay-color":"","overlay-opacity":"","overlay-gradient":""}},"ast-content-background-meta":{"desktop":{"background-color":"var(--ast-global-color-4)","background-image":"","background-repeat":"repeat","background-position":"center center","background-size":"auto","background-attachment":"scroll","background-type":"","background-media":"","overlay-type":"","overlay-color":"","overlay-opacity":"","overlay-gradient":""},"tablet":{"background-color":"var(--ast-global-color-4)","background-image":"","background-repeat":"repeat","background-position":"center center","background-size":"auto","background-attachment":"scroll","background-type":"","background-media":"","overlay-type":"","overlay-color":"","overlay-opacity":"","overlay-gradient":""},"mobile":{"background-color":"var(--ast-global-color-4)","background-image":"","background-repeat":"repeat","background-position":"center center","background-size":"auto","background-attachment":"scroll","background-type":"","background-media":"","overlay-type":"","overlay-color":"","overlay-opacity":"","overlay-gradient":""}},"footnotes":""},"class_list":["post-118","page","type-page","status-publish","hentry"],"_links":{"self":[{"href":"https:\/\/forum-esterel.fr\/wordpress\/wp-json\/wp\/v2\/pages\/118","targetHints":{"allow":["GET"]}}],"collection":[{"href":"https:\/\/forum-esterel.fr\/wordpress\/wp-json\/wp\/v2\/pages"}],"about":[{"href":"https:\/\/forum-esterel.fr\/wordpress\/wp-json\/wp\/v2\/types\/page"}],"author":[{"embeddable":true,"href":"https:\/\/forum-esterel.fr\/wordpress\/wp-json\/wp\/v2\/users\/414"}],"replies":[{"embeddable":true,"href":"https:\/\/forum-esterel.fr\/wordpress\/wp-json\/wp\/v2\/comments?post=118"}],"version-history":[{"count":2,"href":"https:\/\/forum-esterel.fr\/wordpress\/wp-json\/wp\/v2\/pages\/118\/revisions"}],"predecessor-version":[{"id":282,"href":"https:\/\/forum-esterel.fr\/wordpress\/wp-json\/wp\/v2\/pages\/118\/revisions\/282"}],"wp:attachment":[{"href":"https:\/\/forum-esterel.fr\/wordpress\/wp-json\/wp\/v2\/media?parent=118"}],"curies":[{"name":"wp","href":"https:\/\/api.w.org\/{rel}","templated":true}]}}